{"id":3140,"date":"2020-01-12T23:48:54","date_gmt":"2020-01-12T22:48:54","guid":{"rendered":"https:\/\/tpongracz.com\/?page_id=3140"},"modified":"2020-01-16T02:53:33","modified_gmt":"2020-01-16T01:53:33","slug":"cookie-policy","status":"publish","type":"page","link":"https:\/\/tpongracz.com\/hu\/cookie-policy\/","title":{"rendered":"S\u00fctik kezel\u00e9se"},"content":{"rendered":"<div class=\"cli_pg_page_contaner\">\n<h3>B\u0151vebben a s\u00fctikr\u0151l:<\/h3>\n<div>\n<p>Ez a s\u00fctikre vonatkoz\u00f3 t\u00e1j\u00e9koztat\u00f3 elmagyar\u00e1zza, hogy mik a s\u00fctik \u00e9s hogyan haszn\u00e1ljuk \u0151ket. Olvassa el ezt a t\u00e1j\u00e9koztat\u00f3t, hogy meg\u00e9rtse, mik a s\u00fctik, hogyan haszn\u00e1ljuk \u0151ket, milyen t\u00edpus\u00fa s\u00fctiket haszn\u00e1lunk, azaz azokat a inform\u00e1ci\u00f3kat, amelyeket a s\u00fctik seg\u00edts\u00e9g\u00e9vel gy\u0171jt\u00fcnk, \u00e9s hogyan haszn\u00e1ljuk ezeket az inform\u00e1ci\u00f3kat, \u00e9s hogyan lehet ellen\u0151rizni a s\u00fctik be\u00e1ll\u00edt\u00e1sait. Az \u00d6n szem\u00e9lyes adatainak haszn\u00e1lat\u00e1val, t\u00e1rol\u00e1s\u00e1val \u00e9s biztons\u00e1goss\u00e1g\u00e1val kapcsolatos tov\u00e1bbi inform\u00e1ci\u00f3k\u00e9rt tekintse meg adatv\u00e9delmi t\u00e1j\u00e9koztat\u00f3nkat. B\u00e1rmikor m\u00f3dos\u00edthatja vagy visszavonhatja hozz\u00e1j\u00e1rul\u00e1s\u00e1t a weboldalunkon tal\u00e1lhat\u00f3 S\u00fctik be\u00e1ll\u00edt\u00e1s\u00e1t. Tudjon meg t\u00f6bbet arr\u00f3l, hogy kik vagyunk, hogyan l\u00e9phet kapcsolatba vel\u00fcnk, \u00e9s hogyan dolgozzuk fel a szem\u00e9lyes adatokat az adatv\u00e9delmi t\u00e1j\u00e9koztat\u00f3nkban. Az \u00d6n hozz\u00e1j\u00e1rul\u00e1sa a k\u00f6vetkez\u0151 domainekre vonatkozik: <a href=\"https:\/\/tpongracz.com\">tpongracz.com<\/a><\/p>\n<div class=\"wt-cli-element cli_user_consent_state\">Az \u00d6n jelenlegi \u00e1llapota:Nincs hozz\u00e1j\u00e1rul\u00e1s. <a class=\"cli_manage_current_consent\" style=\"cursor:pointer;\">Hozz\u00e1j\u00e1rul\u00e1s kezel\u00e9se.<\/a> <\/div>\n<\/div>\n<h3>Mik a s\u00fctik ?<\/h3>\n<div>\n<p>A s\u00fctik olyan kis sz\u00f6veges f\u00e1jlok, amelyeket apr\u00f3 inform\u00e1ci\u00f3k t\u00e1rol\u00e1s\u00e1ra haszn\u00e1lnak. A s\u00fctik a k\u00e9sz\u00fcl\u00e9k\u00e9n t\u00e1rol\u00f3dnak, amikor egy weboldalt bet\u00f6lt a b\u00f6ng\u00e9sz\u0151be. Ezek a s\u00fctik seg\u00edtenek nek\u00fcnk a weboldal megfelel\u0151 m\u0171k\u00f6d\u00e9s\u00e9ben, biztons\u00e1gosabb\u00e1 t\u00e9tel\u00e9ben, a jobb felhaszn\u00e1l\u00f3i \u00e9lm\u00e9ny biztos\u00edt\u00e1s\u00e1ban, \u00e9s seg\u00edt meg\u00e9rteni, hogy teljes\u00edt a weboldal, valamint annak elemz\u00e9s\u00e9ben, hogy mi m\u0171k\u00f6dik, \u00e9s mi szorul fejleszt\u00e9sre.<\/p>\n<\/div>\n<h3>Hogyan haszn\u00e1ljuk a s\u00fctiket ?<\/h3>\n<div>\n<p>Mint az online szolg\u00e1ltat\u00e1sok t\u00f6bbs\u00e9g\u00e9t, weboldalunk t\u00f6bbf\u00e9le c\u00e9lra haszn\u00e1lja az els\u0151dleges \u00e9s a harmadik f\u00e9lt\u0151l sz\u00e1rmaz\u00f3 s\u00fctiket. Az els\u0151dleges s\u00fctik \u00e1ltal\u00e1ban a webhely megfelel\u0151 m\u0171k\u00f6d\u00e9s\u00e9hez sz\u00fcks\u00e9gesek, \u00e9s nem gy\u0171jtik az \u00d6n szem\u00e9lyes azonos\u00edt\u00e1s\u00e1t lehet\u0151v\u00e9 tev\u0151 adatokat.<\/p>\n<p>A weboldalunkon haszn\u00e1lt harmadik f\u00e9lt\u0151l sz\u00e1rmaz\u00f3 s\u00fctik els\u0151sorban annak meg\u00e9rt\u00e9s\u00e9re szolg\u00e1lnak, hogy hogyan m\u0171k\u00f6dik a weboldal, hogyan m\u0171k\u00f6dik egy\u00fctt a weboldalunkkal, biztons\u00e1gban tartj\u00e1k szolg\u00e1ltat\u00e1sainkat, az \u00d6n sz\u00e1m\u00e1ra relev\u00e1ns hirdet\u00e9seket biztos\u00edtanak, \u00e9s mindent \u00f6sszevetve jobb \u00e9s tov\u00e1bbfejlesztett felhaszn\u00e1l\u00f3i \u00e9lm\u00e9nyt ny\u00fajt, \u00e9s seg\u00edt felgyors\u00edtani weboldalunkkal val\u00f3 j\u00f6v\u0151beni egy\u00fcttm\u0171k\u00f6d\u00e9s\u00e9t.<\/p>\n<\/div>\n<h3>Milyen s\u00fctiket haszn\u00e1lunk ?<\/h3>\n<div style=\"font-size: 16px; font-weight: 400;\">\n<p><strong>Alapvet\u0151 fontoss\u00e1g\u00fa:<\/strong> N\u00e9h\u00e1ny s\u00fcti n\u00e9lk\u00fcl\u00f6zhetetlen ahhoz, hogy webhely\u00fcnk teljes funkcionalit\u00e1s\u00e1t megismerhess\u00e9k. Ezek lehet\u0151v\u00e9 teszik a felhaszn\u00e1l\u00f3i munkamenetek fenntart\u00e1s\u00e1t \u00e9s a biztons\u00e1gi fenyeget\u00e9sek megel\u0151z\u00e9s\u00e9t. Nem gy\u0171jt \u00e9s t\u00e1rol semmilyen szem\u00e9lyes inform\u00e1ci\u00f3t. P\u00e9ld\u00e1ul ezek a s\u00fctik lehet\u0151v\u00e9 teszik a biztons\u00e1gos bejelentkez\u00e9st a fi\u00f3kj\u00e1ba, \u00e9s term\u00e9keket adhatnak a kos\u00e1rba \u00e9s biztons\u00e1gosan fizethetnek.<\/p>\n<p><strong>Statisztika:<\/strong> Ezek a s\u00fctik olyan inform\u00e1ci\u00f3kat t\u00e1rolnak, mint p\u00e9ld\u00e1ul a webhely l\u00e1togat\u00f3k sz\u00e1ma, az egyedi l\u00e1togat\u00f3k sz\u00e1ma, a weboldal melyik oldalait l\u00e1togatt\u00e1k meg, a l\u00e1togat\u00e1s forr\u00e1sa stb. Ezek az adatok seg\u00edtenek meg\u00e9rteni \u00e9s elemezni a webhely teljes\u00edtm\u00e9ny\u00e9t \u00e9s hol sz\u00fcks\u00e9ges fejleszteni.<\/p>\n<p><strong>Marketing:<\/strong> Webhely\u00fcnk\u00f6n hirdet\u00e9seket jelen\u00edt\u00fcnk meg. Ezeket a s\u00fctiket arra haszn\u00e1ljuk, hogy szem\u00e9lyre szabjuk a hirdet\u00e9seket, amelyeket megmutatunk neked, hogy azok relev\u00e1nsak legyenek az \u00f6n sz\u00e1m\u00e1ra. Ezek a s\u00fctik seg\u00edtenek nyomon k\u00f6vetni ezen hirdet\u00e9si kamp\u00e1nyok hat\u00e9konys\u00e1g\u00e1t.<\/p>\n<p>A s\u00fctikben t\u00e1rolt inform\u00e1ci\u00f3kat a harmadik f\u00e9lt\u0151l sz\u00e1rmaz\u00f3 hirdet\u00e9si szolg\u00e1ltat\u00f3k is felhaszn\u00e1lhatj\u00e1k hirdet\u00e9seik megjelen\u00edt\u00e9s\u00e9re a b\u00f6ng\u00e9sz\u0151 m\u00e1s webhelyein is.<\/p>\n<p><strong>Funkcion\u00e1lis:<\/strong> Ezek a s\u00fctik, amelyek el\u0151seg\u00edtik webhely\u00fcnk bizonyos nem alapvet\u0151 funkci\u00f3it. Ezek a funkci\u00f3k magukban foglalj\u00e1k a tartalom be\u00e1gyaz\u00e1s\u00e1t, p\u00e9ld\u00e1ul a vide\u00f3kat, vagy a tartalom megoszt\u00e1s\u00e1t a k\u00f6z\u00f6ss\u00e9gi m\u00e9dia platformokon.<\/p>\n<p><strong>Be\u00e1ll\u00edt\u00e1sok:<\/strong> Ezek a s\u00fctik seg\u00edtenek a be\u00e1ll\u00edt\u00e1sok \u00e9s a b\u00f6ng\u00e9sz\u00e9si be\u00e1ll\u00edt\u00e1sok, p\u00e9ld\u00e1ul a nyelvi be\u00e1ll\u00edt\u00e1sok t\u00e1rol\u00e1s\u00e1ban, hogy jobb \u00e9s hat\u00e9konyabb tapasztalatokat szerezzen a j\u00f6v\u0151beli webhelyl\u00e1togat\u00e1sok sor\u00e1n.<\/p>\n<\/div>\n<div>\n<table class=\"wt-cli-element cookielawinfo-row-cat-table cookielawinfo-classic\"><thead><tr><th class=\"cookielawinfo-column-1\">S\u00fcti<\/th><th class=\"cookielawinfo-column-4\">Le\u00edr\u00e1s<\/th><\/tr><\/thead><tbody><tr class=\"cookielawinfo-row\"><td class=\"cookielawinfo-column-1\">cookielawinfo-checkbox-necessary<\/td><td class=\"cookielawinfo-column-4\">This cookie is set by GDPR Cookie Consent plugin. The cookies is used to store the user consent for the cookies in the category \"Necessary\".<\/td><\/tr><tr class=\"cookielawinfo-row\"><td class=\"cookielawinfo-column-1\">cookielawinfo-checkbox-non-necessary<\/td><td class=\"cookielawinfo-column-4\">This cookie is set by GDPR Cookie Consent plugin. The cookies is used to store the user consent for the cookies in the category \"Non Necessary\".<\/td><\/tr><tr class=\"cookielawinfo-row\"><td class=\"cookielawinfo-column-1\">GPS<\/td><td class=\"cookielawinfo-column-4\">This cookie is set by Youtube and registers a unique ID for tracking users based on their geographical location<\/td><\/tr><tr class=\"cookielawinfo-row\"><td class=\"cookielawinfo-column-1\">IDE<\/td><td class=\"cookielawinfo-column-4\">Used by Google DoubleClick and stores information about how the user uses the website and any other advertisement before visiting the website. This is used to present users with ads that are relevant to them according to the user profile.<\/td><\/tr><tr class=\"cookielawinfo-row\"><td class=\"cookielawinfo-column-1\">test_cookie<\/td><td class=\"cookielawinfo-column-4\"><\/td><\/tr><tr class=\"cookielawinfo-row\"><td class=\"cookielawinfo-column-1\">tk_ai<\/td><td class=\"cookielawinfo-column-4\"><\/td><\/tr><tr class=\"cookielawinfo-row\"><td class=\"cookielawinfo-column-1\">tk_lr<\/td><td class=\"cookielawinfo-column-4\">This cookie is set by JetPack plugin on sites using WooCommerce. This is a referral cookie used for analyzing referrer behavior for Jetpack<\/td><\/tr><tr class=\"cookielawinfo-row\"><td class=\"cookielawinfo-column-1\">tk_or<\/td><td class=\"cookielawinfo-column-4\">This cookie is set by JetPack plugin on sites using WooCommerce. This is a referral cookie used for analyzing referrer behavior for Jetpack<\/td><\/tr><tr class=\"cookielawinfo-row\"><td class=\"cookielawinfo-column-1\">tk_qs<\/td><td class=\"cookielawinfo-column-4\"><\/td><\/tr><tr class=\"cookielawinfo-row\"><td class=\"cookielawinfo-column-1\">tk_r3d<\/td><td class=\"cookielawinfo-column-4\">The cookie is installed by JetPack. Used for the internal metrics fo user activities to improve user experience<\/td><\/tr><tr class=\"cookielawinfo-row\"><td class=\"cookielawinfo-column-1\">viewed_cookie_policy<\/td><td class=\"cookielawinfo-column-4\">The cookie is set by the GDPR Cookie Consent plugin and is used to store whether or not user has consented to the use of cookies. It does not store any personal data.<\/td><\/tr><tr class=\"cookielawinfo-row\"><td class=\"cookielawinfo-column-1\">VISITOR_INFO1_LIVE<\/td><td class=\"cookielawinfo-column-4\">This cookie is set by Youtube. Used to track the information of the embedded YouTube videos on a website.<\/td><\/tr><tr class=\"cookielawinfo-row\"><td class=\"cookielawinfo-column-1\">YSC<\/td><td class=\"cookielawinfo-column-4\">This cookies is set by Youtube and is used to track the views of embedded videos.<\/td><\/tr><\/tbody><\/table>\n<\/div>\n<h3>Hogyan lehet ellen\u0151rizni a s\u00fctik be\u00e1ll\u00edt\u00e1s\u00e1t ?<\/h3>\n<div>\n<p>Ha \u00fagy d\u00f6nt, hogy k\u00e9s\u0151bb a b\u00f6ng\u00e9sz\u00e9si munkamenet sor\u00e1n megv\u00e1ltoztatja a s\u00fctik be\u00e1ll\u00edt\u00e1s\u00e1t, akkor kattintson a k\u00e9perny\u0151 alj\u00e1n az &#8222;Adatv\u00e9delem \u00e9s s\u00fctik&#8221; f\u00fclre. Ez \u00fajra megjelen\u00edti a j\u00f3v\u00e1hagy\u00e1si \u00e9rtes\u00edt\u00e9st, lehet\u0151v\u00e9 t\u00e9ve a be\u00e1ll\u00edt\u00e1sok megv\u00e1ltoztat\u00e1s\u00e1t vagy a hozz\u00e1j\u00e1rul\u00e1s teljes visszavon\u00e1s\u00e1t.<\/p>\n<p>Ezen fel\u00fcl a k\u00fcl\u00f6nb\u00f6z\u0151 b\u00f6ng\u00e9sz\u0151k k\u00fcl\u00f6nb\u00f6z\u0151 m\u00f3dszereket k\u00edn\u00e1lnak a webhelyek \u00e1ltal haszn\u00e1lt s\u00fctik blokkol\u00e1s\u00e1ra \u00e9s t\u00f6rl\u00e9s\u00e9re. Megv\u00e1ltoztathatja b\u00f6ng\u00e9sz\u0151j\u00e9nek be\u00e1ll\u00edt\u00e1sait a s\u00fctik blokkol\u00e1s\u00e1ra\/t\u00f6rl\u00e9s\u00e9re. Ha t\u00f6bbet szeretne megtudni a s\u00fctik kezel\u00e9s\u00e9r\u0151l \u00e9s t\u00f6rl\u00e9s\u00e9r\u0151l, l\u00e1togasson el a k\u00f6vetkez\u0151 webhelyre: <a href=\"https:\/\/en.wikipedia.org\/wiki\/HTTP_cookie\" target=\"_blank\" rel=\"nofollow noopener noreferrer\">wikipedia.org<\/a>, <a href=\"http:\/\/www.allaboutcookies.org\/\" target=\"_blank\" rel=\"nofollow noopener noreferrer\">www.allaboutcookies.org.<\/a><\/p>\n<\/div>\n<\/div>\n","protected":false},"excerpt":{"rendered":"<p>B\u0151vebben a s\u00fctikr\u0151l: Ez a s\u00fctikre vonatkoz\u00f3 t\u00e1j\u00e9koztat\u00f3 elmagyar\u00e1zza, hogy mik a s\u00fctik \u00e9s hogyan haszn\u00e1ljuk \u0151ket. Olvassa el ezt a t\u00e1j\u00e9koztat\u00f3t, hogy meg\u00e9rtse, mik a s\u00fctik, hogyan haszn\u00e1ljuk \u0151ket, milyen t\u00edpus\u00fa s\u00fctiket haszn\u00e1lunk, azaz azokat a inform\u00e1ci\u00f3kat, amelyeket a s\u00fctik seg\u00edts\u00e9g\u00e9vel gy\u0171jt\u00fcnk, \u00e9s hogyan haszn\u00e1ljuk ezeket az inform\u00e1ci\u00f3kat, \u00e9s hogyan lehet ellen\u0151rizni a s\u00fctik [&hellip;]<\/p>\n","protected":false},"author":51914610,"featured_media":0,"parent":0,"menu_order":0,"comment_status":"closed","ping_status":"closed","template":"","meta":{"_coblocks_attr":"","_coblocks_dimensions":"","_coblocks_responsive_height":"","_coblocks_accordion_ie_support":"","_crdt_document":"","footnotes":""},"class_list":["post-3140","page","type-page","status-publish","hentry"],"translation":{"provider":"WPGlobus","version":"3.0.0","language":"hu","enabled_languages":["en","hu"],"languages":{"en":{"title":true,"content":true,"excerpt":false},"hu":{"title":true,"content":true,"excerpt":false}}},"jetpack_sharing_enabled":true,"amp_enabled":true,"_links":{"self":[{"href":"https:\/\/tpongracz.com\/hu\/wp-json\/wp\/v2\/pages\/3140","targetHints":{"allow":["GET"]}}],"collection":[{"href":"https:\/\/tpongracz.com\/hu\/wp-json\/wp\/v2\/pages"}],"about":[{"href":"https:\/\/tpongracz.com\/hu\/wp-json\/wp\/v2\/types\/page"}],"author":[{"embeddable":true,"href":"https:\/\/tpongracz.com\/hu\/wp-json\/wp\/v2\/users\/51914610"}],"replies":[{"embeddable":true,"href":"https:\/\/tpongracz.com\/hu\/wp-json\/wp\/v2\/comments?post=3140"}],"version-history":[{"count":5,"href":"https:\/\/tpongracz.com\/hu\/wp-json\/wp\/v2\/pages\/3140\/revisions"}],"predecessor-version":[{"id":3341,"href":"https:\/\/tpongracz.com\/hu\/wp-json\/wp\/v2\/pages\/3140\/revisions\/3341"}],"wp:attachment":[{"href":"https:\/\/tpongracz.com\/hu\/wp-json\/wp\/v2\/media?parent=3140"}],"curies":[{"name":"wp","href":"https:\/\/api.w.org\/{rel}","templated":true}]}}